{"id":187,"date":"2018-02-22T12:21:52","date_gmt":"2018-02-22T12:21:52","guid":{"rendered":"http:\/\/xanatis.com\/~abogadoslacaba\/?page_id=187"},"modified":"2024-04-24T20:40:31","modified_gmt":"2024-04-24T19:40:31","slug":"avis-legal","status":"publish","type":"page","link":"https:\/\/abogadoslacaba.com\/ca\/avis-legal\/","title":{"rendered":"Av\u00eds legal"},"content":{"rendered":"\t\t<div data-elementor-type=\"wp-page\" data-elementor-id=\"187\" class=\"elementor elementor-187 elementor-179\" data-elementor-post-type=\"page\">\n\t\t\t\t<div class=\"elementor-element elementor-element-1a627d72 e-flex e-con-boxed e-con e-parent\" data-id=\"1a627d72\" data-element_type=\"container\" data-e-type=\"container\">\n\t\t\t\t\t<div class=\"e-con-inner\">\n\t\t\t\t<div class=\"elementor-element elementor-element-1604a086 elementor-widget elementor-widget-heading\" data-id=\"1604a086\" data-element_type=\"widget\" data-e-type=\"widget\" data-widget_type=\"heading.default\">\n\t\t\t\t<div class=\"elementor-widget-container\">\n\t\t\t\t\t<h1 class=\"elementor-heading-title elementor-size-default\">Aviso legal<\/h1>\t\t\t\t<\/div>\n\t\t\t\t<\/div>\n\t\t\t\t<div class=\"elementor-element elementor-element-624fe1f elementor-widget elementor-widget-heading\" data-id=\"624fe1f\" data-element_type=\"widget\" data-e-type=\"widget\" data-widget_type=\"heading.default\">\n\t\t\t\t<div class=\"elementor-widget-container\">\n\t\t\t\t\t<h2 class=\"elementor-heading-title elementor-size-default\">Introducci\u00f3n<\/h2>\t\t\t\t<\/div>\n\t\t\t\t<\/div>\n\t\t\t\t<div class=\"elementor-element elementor-element-4c84c8fe elementor-widget elementor-widget-text-editor\" data-id=\"4c84c8fe\" data-element_type=\"widget\" data-e-type=\"widget\" data-widget_type=\"text-editor.default\">\n\t\t\t\t<div class=\"elementor-widget-container\">\n\t\t\t\t\t\t\t\t\t<p>En cumplimiento de la Ley 34\/2002, de 11 de julio, de Servicios de la Sociedad de la Informaci\u00f3n y de Comercio Electr\u00f3nico (LSSI-CE), LACABA ABOGADOS SL informa que es titular del sitio web. De acuerdo con la exigencia del art\u00edculo 10 de la citada Ley, LACABA ABOGADOS SL informa de los siguientes datos:<\/p>\t\t\t\t\t\t\t\t<\/div>\n\t\t\t\t<\/div>\n\t\t\t\t<div class=\"elementor-element elementor-element-356afe4a elementor-widget elementor-widget-text-editor\" data-id=\"356afe4a\" data-element_type=\"widget\" data-e-type=\"widget\" data-widget_type=\"text-editor.default\">\n\t\t\t\t<div class=\"elementor-widget-container\">\n\t\t\t\t\t\t\t\t\t<table>\n<tr>\n<td style=\"background:#F0F0F0; font-weight: bold\">RAZ\u00d3N SOCIAL<\/td>\n<td style=\"background:#FFF\">LACABA ABOGADOS SL<\/td>\n<\/tr>\n<tr>\n<td  style=\"background:#F0F0F0; font-weight: bold\">NIF<\/td>\n<td style=\"background:#FFF\">B66888959<\/td>\n<\/tr>\n\n<tr>\n<td  style=\"background:#F0F0F0; font-weight: bold\">DOMINIO <\/td>\n<td style=\"background:#FFF\">WWW.ABOGADOSLACABA.COM<\/td>\n<\/tr>\n\n<tr>\n<td  style=\"background:#F0F0F0; font-weight: bold\">DIRECCI\u00d3N POSTAL<\/td>\n<td style=\"background:#FFF\">ANSELM CLAVE 9,08290 CERDANYOLA DEL VALLES(BARCELONA)<\/td>\n<\/tr>\n\n<tr>\n<td  style=\"background:#F0F0F0; font-weight: bold\">DIRECCI\u00d3N\nELECTR\u00d3NICA <\/td>\n<td style=\"background:#FFF\">j.lacaba@abogadoslacaba.com<\/td>\n<\/tr>\n\n<tr>\n<td  style=\"background:#F0F0F0; font-weight: bold\">TEL\u00c9FONOS <\/td>\n<td style=\"background:#FFF\">936927308<\/td>\n<\/tr>\n\n\n<tr>\n<td  style=\"background:#F0F0F0; font-weight: bold\">DATOS\nADICIONALES<\/td>\n<td style=\"background:#FFF\"><\/td>\n<\/tr>\n\n<\/table>\n\n\t\t\t\t\t\t\t\t<\/div>\n\t\t\t\t<\/div>\n\t\t\t\t<div class=\"elementor-element elementor-element-7148491f elementor-widget elementor-widget-heading\" data-id=\"7148491f\" data-element_type=\"widget\" data-e-type=\"widget\" data-widget_type=\"heading.default\">\n\t\t\t\t<div class=\"elementor-widget-container\">\n\t\t\t\t\t<h2 class=\"elementor-heading-title elementor-size-default\">Usuario y r\u00e9gimen de responsabilidades<\/h2>\t\t\t\t<\/div>\n\t\t\t\t<\/div>\n\t\t\t\t<div class=\"elementor-element elementor-element-11b3661 elementor-widget elementor-widget-text-editor\" data-id=\"11b3661\" data-element_type=\"widget\" data-e-type=\"widget\" data-widget_type=\"text-editor.default\">\n\t\t\t\t<div class=\"elementor-widget-container\">\n\t\t\t\t\t\t\t\t\t<p>LACABA ABOGADOS SL se reserva el derecho a realizar las modificaciones que considere oportunas, sin aviso previo, en el contenido de su sitio web. Tanto en lo referente a los contenidos del sitio web, como en las condiciones de uso del mismo, o en las condiciones generales de contrataci\u00f3n. Los cambios a los que hace referencia este apartado, no afectar\u00e1n a las contrataciones realizadas con fecha anterior a la fecha de publicaci\u00f3n de los mismos.<br \/>Dichas modificaciones podr\u00e1n realizarse a trav\u00e9s de su sitio web por cualquier forma admisible en derecho y ser\u00e1n de obligado cumplimiento durante el tiempo en que se encuentren publicadas en el web y hasta que no sean modificadas v\u00e1lidamente por otras posteriores.<\/p>\t\t\t\t\t\t\t\t<\/div>\n\t\t\t\t<\/div>\n\t\t\t\t<div class=\"elementor-element elementor-element-31ad4cfc elementor-widget elementor-widget-heading\" data-id=\"31ad4cfc\" data-element_type=\"widget\" data-e-type=\"widget\" data-widget_type=\"heading.default\">\n\t\t\t\t<div class=\"elementor-widget-container\">\n\t\t\t\t\t<h2 class=\"elementor-heading-title elementor-size-default\">Indicaci\u00f3n de precios\n<\/h2>\t\t\t\t<\/div>\n\t\t\t\t<\/div>\n\t\t\t\t<div class=\"elementor-element elementor-element-6434b472 elementor-widget elementor-widget-text-editor\" data-id=\"6434b472\" data-element_type=\"widget\" data-e-type=\"widget\" data-widget_type=\"text-editor.default\">\n\t\t\t\t<div class=\"elementor-widget-container\">\n\t\t\t\t\t\t\t\t\t<p>En caso de que se muestren precios de productos y\/o servicios, los indicados en pantalla ser\u00e1n los vigentes en cada momento. Los precios ser\u00e1n indicados en euros y tendr\u00e1n incorporado el Impuesto sobre el Valor A\u00f1adido (IVA). En caso de que no se incorpore el IVA en el precio, se indicar\u00e1 de manera expresa y se permitir\u00e1 al usuario visualizar el precio final completo.<br \/>Asimismo, si fuera aplicable cualquier otro impuesto, as\u00ed se indicar\u00eda, incluyendo, en su caso, el importe de los incrementos o descuentos que sean de aplicaci\u00f3n a la oferta y los gastos adicionales que puedan repercutir al consumidor o usuario.<\/p>\t\t\t\t\t\t\t\t<\/div>\n\t\t\t\t<\/div>\n\t\t\t\t<div class=\"elementor-element elementor-element-3614edd2 elementor-widget elementor-widget-heading\" data-id=\"3614edd2\" data-element_type=\"widget\" data-e-type=\"widget\" data-widget_type=\"heading.default\">\n\t\t\t\t<div class=\"elementor-widget-container\">\n\t\t\t\t\t<h2 class=\"elementor-heading-title elementor-size-default\">Propiedad intelectual e industrial\n<\/h2>\t\t\t\t<\/div>\n\t\t\t\t<\/div>\n\t\t\t\t<div class=\"elementor-element elementor-element-28e1a4a6 elementor-widget elementor-widget-text-editor\" data-id=\"28e1a4a6\" data-element_type=\"widget\" data-e-type=\"widget\" data-widget_type=\"text-editor.default\">\n\t\t\t\t<div class=\"elementor-widget-container\">\n\t\t\t\t\t\t\t\t\t<p>LACABA ABOGADOS SL por s\u00ed misma o como cesionaria, es titular de todos los derechos de propiedad intelectual e industrial de su p\u00e1gina web, as\u00ed como de los elementos contenidos en la misma (a t\u00edtulo enunciativo, im\u00e1genes, sonido, audio, v\u00eddeo, software o textos; marcas o logotipos, combinaciones de colores, estructura y dise\u00f1o, selecci\u00f3n de materiales usados, programas de ordenador necesarios para su funcionamiento, acceso y uso, etc.), titularidad de LACABA ABOGADOS SL. Ser\u00e1n, por consiguiente, obras protegidas como propiedad intelectual por el ordenamiento jur\u00eddico espa\u00f1ol, si\u00e9ndoles aplicables tanto la normativa espa\u00f1ola y comunitaria en este campo, como los tratados internacionales relativos a la materia y suscritos por Espa\u00f1a.<br \/>seguridad en la relaci\u00f3n con terceros \u00b7 servicio compliance Todos los derechos reservados. En virtud de lo dispuesto en la Ley de Propiedad Intelectual, quedan<br \/>expresamente prohibidas la reproducci\u00f3n, la distribuci\u00f3n y la comunicaci\u00f3n p\u00fablica, incluida su modalidad de puesta a disposici\u00f3n, de la totalidad o parte de los contenidos de esta p\u00e1gina web, con fines comerciales, en cualquier soporte y por cualquier medio t\u00e9cnico, sin la autorizaci\u00f3n de LACABA ABOGADOS SL.<br \/>El usuario se compromete a respetar los derechos de Propiedad Intelectual e Industrial titularidad de LACABA ABOGADOS SL. Podr\u00e1 visualizar los elementos del portal e incluso imprimirlos, copiarlos y almacenarlos en el disco duro de su ordenador o en cualquier otro soporte f\u00edsico siempre y cuando sea, \u00fanica y exclusivamente, para su uso personal y privado. El usuario deber\u00e1 abstenerse de suprimir, alterar, eludir o manipular cualquier dispositivo de protecci\u00f3n o sistema de seguridad que estuviera instalado en las p\u00e1ginas de LACABA ABOGADOS SL.<\/p>\t\t\t\t\t\t\t\t<\/div>\n\t\t\t\t<\/div>\n\t\t\t\t<div class=\"elementor-element elementor-element-49c76cf6 elementor-widget elementor-widget-heading\" data-id=\"49c76cf6\" data-element_type=\"widget\" data-e-type=\"widget\" data-widget_type=\"heading.default\">\n\t\t\t\t<div class=\"elementor-widget-container\">\n\t\t\t\t\t<h2 class=\"elementor-heading-title elementor-size-default\">Certificado SSL (secure sockets layer)\n<\/h2>\t\t\t\t<\/div>\n\t\t\t\t<\/div>\n\t\t\t\t<div class=\"elementor-element elementor-element-36a9e82c elementor-widget elementor-widget-text-editor\" data-id=\"36a9e82c\" data-element_type=\"widget\" data-e-type=\"widget\" data-widget_type=\"text-editor.default\">\n\t\t\t\t<div class=\"elementor-widget-container\">\n\t\t\t\t\t\t\t\t\t<p>El CERTIFICADO SSL proporciona autenticaci\u00f3n, privacidad y seguridad de la informaci\u00f3n entre LACABA ABOGADOS SL y el usuario.<br \/>LACABA ABOGADOS SL dispone de un certificado de seguridad que se utiliza por CERTIFICADO SSL para realizar conexiones seguras.<br \/>En este proceso se establecen varios par\u00e1metros para realizar la conexi\u00f3n de forma segura y se establece usando llaves preestablecidas, codificando y descodificando todos los datos enviados hasta que la conexi\u00f3n sea cerrada.<\/p>\t\t\t\t\t\t\t\t<\/div>\n\t\t\t\t<\/div>\n\t\t\t\t<div class=\"elementor-element elementor-element-25920295 elementor-widget elementor-widget-heading\" data-id=\"25920295\" data-element_type=\"widget\" data-e-type=\"widget\" data-widget_type=\"heading.default\">\n\t\t\t\t<div class=\"elementor-widget-container\">\n\t\t\t\t\t<h2 class=\"elementor-heading-title elementor-size-default\">Acciones legales, legislaci\u00f3n aplicable y jurisdicci\u00f3n<\/h2>\t\t\t\t<\/div>\n\t\t\t\t<\/div>\n\t\t\t\t<div class=\"elementor-element elementor-element-6531db3e elementor-widget elementor-widget-text-editor\" data-id=\"6531db3e\" data-element_type=\"widget\" data-e-type=\"widget\" data-widget_type=\"text-editor.default\">\n\t\t\t\t<div class=\"elementor-widget-container\">\n\t\t\t\t\t\t\t\t\t<p>Si el usuario desea presentar una reclamaci\u00f3n, deber\u00e1 contactar mediante el correo electr\u00f3nico j.lacaba@abogadoslacaba.com. Asimismo, LACABA ABOGADOS SL dispone de hojas oficiales de reclamaci\u00f3n a disposici\u00f3n de los consumidores y usuarios.<br \/>LACABA ABOGADOS SL se reserva la facultad de presentar las acciones civiles o penales que considere oportunas por la utilizaci\u00f3n indebida de su sitio web y contenidos, o por el incumplimiento de las presentes condiciones.<br \/>La relaci\u00f3n entre el usuario y el prestador se regir\u00e1 por la normativa vigente y de aplicaci\u00f3n en el territorio espa\u00f1ol. De surgir cualquier controversia las partes podr\u00e1n someter sus conflictos a arbitraje o acudir a la jurisdicci\u00f3n ordinaria cumpliendo con las normas sobre jurisdicci\u00f3n y competencia al respecto. LACABA<br \/>ABOGADOS SL tiene su domicilio en BARCELONA, Espa\u00f1a.<br \/>Los contratos celebrados por v\u00eda electr\u00f3nica en los que intervenga como parte un consumidor, se presumir\u00e1n celebrados en el lugar en que \u00e9ste tenga su residencia habitual.<br \/>Los contratos electr\u00f3nicos entre empresarios o profesionales, en defecto de pacto entre las partes, se\u00a0presumir\u00e1n celebrados en el lugar en que est\u00e9 establecido el prestador de servicios.<br \/>Resoluci\u00f3n de litigios en l\u00ednea conforme al Art. 14.1 del Reglamento (UE) 524\/2013: La Comisi\u00f3n Europea facilita una plataforma de resoluci\u00f3n de litigios en l\u00ednea, la cual se encuentra disponible en el siguiente enlace:<br \/><a href=\"https:\/\/ec.europa.eu\/consumers\/odr\/\">https:\/\/ec.europa.eu\/consumers\/odr\/<\/a><\/p><p><br \/><strong>\u00daLTIMA ACTUALIZACI\u00d3N:<\/strong> 22 de abril de 2024<\/p>\t\t\t\t\t\t\t\t<\/div>\n\t\t\t\t<\/div>\n\t\t\t\t\t<\/div>\n\t\t\t\t<\/div>\n\t\t\t\t<\/div>\n\t\t","protected":false},"excerpt":{"rendered":"<p>Aviso legal Introducci\u00f3n En cumplimiento de la Ley 34\/2002, de 11 de julio, de Servicios de la Sociedad de la Informaci\u00f3n y de Comercio Electr\u00f3nico (LSSI-CE), LACABA ABOGADOS SL informa que es titular del sitio web. De acuerdo con la exigencia del art\u00edculo 10 de la citada Ley, LACABA ABOGADOS SL informa de los siguientes [&hellip;]<\/p>\n","protected":false},"author":1,"featured_media":0,"parent":0,"menu_order":0,"comment_status":"closed","ping_status":"closed","template":"","meta":{"footnotes":""},"class_list":["post-187","page","type-page","status-publish","hentry"],"yoast_head":"<!-- This site is optimized with the Yoast SEO plugin v27.6 - https:\/\/yoast.com\/product\/yoast-seo-wordpress\/ -->\n<title>Av\u00eds legal - Abogados Lacaba<\/title>\n<meta name=\"robots\" content=\"index, follow, max-snippet:-1, max-image-preview:large, max-video-preview:-1\" \/>\n<link rel=\"canonical\" href=\"https:\/\/abogadoslacaba.com\/ca\/avis-legal\/\" \/>\n<meta property=\"og:locale\" content=\"ca_ES\" \/>\n<meta property=\"og:type\" content=\"article\" \/>\n<meta property=\"og:title\" content=\"Av\u00eds legal - Abogados Lacaba\" \/>\n<meta property=\"og:description\" content=\"Aviso legal Introducci\u00f3n En cumplimiento de la Ley 34\/2002, de 11 de julio, de Servicios de la Sociedad de la Informaci\u00f3n y de Comercio Electr\u00f3nico (LSSI-CE), LACABA ABOGADOS SL informa que es titular del sitio web. De acuerdo con la exigencia del art\u00edculo 10 de la citada Ley, LACABA ABOGADOS SL informa de los siguientes [&hellip;]\" \/>\n<meta property=\"og:url\" content=\"https:\/\/abogadoslacaba.com\/ca\/avis-legal\/\" \/>\n<meta property=\"og:site_name\" content=\"Abogados Lacaba\" \/>\n<meta property=\"article:modified_time\" content=\"2024-04-24T19:40:31+00:00\" \/>\n<meta name=\"twitter:card\" content=\"summary_large_image\" \/>\n<meta name=\"twitter:site\" content=\"@lacabaabogados\" \/>\n<meta name=\"twitter:label1\" content=\"Temps estimat de lectura\" \/>\n\t<meta name=\"twitter:data1\" content=\"5 minuts\" \/>\n<script type=\"application\/ld+json\" class=\"yoast-schema-graph\">{\"@context\":\"https:\\\/\\\/schema.org\",\"@graph\":[{\"@type\":\"WebPage\",\"@id\":\"https:\\\/\\\/abogadoslacaba.com\\\/ca\\\/avis-legal\\\/\",\"url\":\"https:\\\/\\\/abogadoslacaba.com\\\/ca\\\/avis-legal\\\/\",\"name\":\"Av\u00eds legal - Abogados Lacaba\",\"isPartOf\":{\"@id\":\"https:\\\/\\\/abogadoslacaba.com\\\/ca\\\/#website\"},\"datePublished\":\"2018-02-22T12:21:52+00:00\",\"dateModified\":\"2024-04-24T19:40:31+00:00\",\"breadcrumb\":{\"@id\":\"https:\\\/\\\/abogadoslacaba.com\\\/ca\\\/avis-legal\\\/#breadcrumb\"},\"inLanguage\":\"ca\",\"potentialAction\":[{\"@type\":\"ReadAction\",\"target\":[\"https:\\\/\\\/abogadoslacaba.com\\\/ca\\\/avis-legal\\\/\"]}]},{\"@type\":\"BreadcrumbList\",\"@id\":\"https:\\\/\\\/abogadoslacaba.com\\\/ca\\\/avis-legal\\\/#breadcrumb\",\"itemListElement\":[{\"@type\":\"ListItem\",\"position\":1,\"name\":\"Portada\",\"item\":\"https:\\\/\\\/abogadoslacaba.com\\\/ca\\\/\"},{\"@type\":\"ListItem\",\"position\":2,\"name\":\"Av\u00eds legal\"}]},{\"@type\":\"WebSite\",\"@id\":\"https:\\\/\\\/abogadoslacaba.com\\\/ca\\\/#website\",\"url\":\"https:\\\/\\\/abogadoslacaba.com\\\/ca\\\/\",\"name\":\"Abogados Lacaba\",\"description\":\"Otro sitio realizado con WordPress\",\"publisher\":{\"@id\":\"https:\\\/\\\/abogadoslacaba.com\\\/ca\\\/#organization\"},\"potentialAction\":[{\"@type\":\"SearchAction\",\"target\":{\"@type\":\"EntryPoint\",\"urlTemplate\":\"https:\\\/\\\/abogadoslacaba.com\\\/ca\\\/?s={search_term_string}\"},\"query-input\":{\"@type\":\"PropertyValueSpecification\",\"valueRequired\":true,\"valueName\":\"search_term_string\"}}],\"inLanguage\":\"ca\"},{\"@type\":\"Organization\",\"@id\":\"https:\\\/\\\/abogadoslacaba.com\\\/ca\\\/#organization\",\"name\":\"Lacaba Abogados\",\"url\":\"https:\\\/\\\/abogadoslacaba.com\\\/ca\\\/\",\"logo\":{\"@type\":\"ImageObject\",\"inLanguage\":\"ca\",\"@id\":\"https:\\\/\\\/abogadoslacaba.com\\\/ca\\\/#\\\/schema\\\/logo\\\/image\\\/\",\"url\":\"https:\\\/\\\/abogadoslacaba.com\\\/wp-content\\\/uploads\\\/2019\\\/06\\\/iJHgrQ4q.jpg\",\"contentUrl\":\"https:\\\/\\\/abogadoslacaba.com\\\/wp-content\\\/uploads\\\/2019\\\/06\\\/iJHgrQ4q.jpg\",\"width\":512,\"height\":512,\"caption\":\"Lacaba Abogados\"},\"image\":{\"@id\":\"https:\\\/\\\/abogadoslacaba.com\\\/ca\\\/#\\\/schema\\\/logo\\\/image\\\/\"},\"sameAs\":[\"https:\\\/\\\/x.com\\\/lacabaabogados\"]}]}<\/script>\n<!-- \/ Yoast SEO plugin. -->","yoast_head_json":{"title":"Av\u00eds legal - Abogados Lacaba","robots":{"index":"index","follow":"follow","max-snippet":"max-snippet:-1","max-image-preview":"max-image-preview:large","max-video-preview":"max-video-preview:-1"},"canonical":"https:\/\/abogadoslacaba.com\/ca\/avis-legal\/","og_locale":"ca_ES","og_type":"article","og_title":"Av\u00eds legal - Abogados Lacaba","og_description":"Aviso legal Introducci\u00f3n En cumplimiento de la Ley 34\/2002, de 11 de julio, de Servicios de la Sociedad de la Informaci\u00f3n y de Comercio Electr\u00f3nico (LSSI-CE), LACABA ABOGADOS SL informa que es titular del sitio web. De acuerdo con la exigencia del art\u00edculo 10 de la citada Ley, LACABA ABOGADOS SL informa de los siguientes [&hellip;]","og_url":"https:\/\/abogadoslacaba.com\/ca\/avis-legal\/","og_site_name":"Abogados Lacaba","article_modified_time":"2024-04-24T19:40:31+00:00","twitter_card":"summary_large_image","twitter_site":"@lacabaabogados","twitter_misc":{"Temps estimat de lectura":"5 minuts"},"schema":{"@context":"https:\/\/schema.org","@graph":[{"@type":"WebPage","@id":"https:\/\/abogadoslacaba.com\/ca\/avis-legal\/","url":"https:\/\/abogadoslacaba.com\/ca\/avis-legal\/","name":"Av\u00eds legal - Abogados Lacaba","isPartOf":{"@id":"https:\/\/abogadoslacaba.com\/ca\/#website"},"datePublished":"2018-02-22T12:21:52+00:00","dateModified":"2024-04-24T19:40:31+00:00","breadcrumb":{"@id":"https:\/\/abogadoslacaba.com\/ca\/avis-legal\/#breadcrumb"},"inLanguage":"ca","potentialAction":[{"@type":"ReadAction","target":["https:\/\/abogadoslacaba.com\/ca\/avis-legal\/"]}]},{"@type":"BreadcrumbList","@id":"https:\/\/abogadoslacaba.com\/ca\/avis-legal\/#breadcrumb","itemListElement":[{"@type":"ListItem","position":1,"name":"Portada","item":"https:\/\/abogadoslacaba.com\/ca\/"},{"@type":"ListItem","position":2,"name":"Av\u00eds legal"}]},{"@type":"WebSite","@id":"https:\/\/abogadoslacaba.com\/ca\/#website","url":"https:\/\/abogadoslacaba.com\/ca\/","name":"Abogados Lacaba","description":"Otro sitio realizado con WordPress","publisher":{"@id":"https:\/\/abogadoslacaba.com\/ca\/#organization"},"potentialAction":[{"@type":"SearchAction","target":{"@type":"EntryPoint","urlTemplate":"https:\/\/abogadoslacaba.com\/ca\/?s={search_term_string}"},"query-input":{"@type":"PropertyValueSpecification","valueRequired":true,"valueName":"search_term_string"}}],"inLanguage":"ca"},{"@type":"Organization","@id":"https:\/\/abogadoslacaba.com\/ca\/#organization","name":"Lacaba Abogados","url":"https:\/\/abogadoslacaba.com\/ca\/","logo":{"@type":"ImageObject","inLanguage":"ca","@id":"https:\/\/abogadoslacaba.com\/ca\/#\/schema\/logo\/image\/","url":"https:\/\/abogadoslacaba.com\/wp-content\/uploads\/2019\/06\/iJHgrQ4q.jpg","contentUrl":"https:\/\/abogadoslacaba.com\/wp-content\/uploads\/2019\/06\/iJHgrQ4q.jpg","width":512,"height":512,"caption":"Lacaba Abogados"},"image":{"@id":"https:\/\/abogadoslacaba.com\/ca\/#\/schema\/logo\/image\/"},"sameAs":["https:\/\/x.com\/lacabaabogados"]}]}},"_links":{"self":[{"href":"https:\/\/abogadoslacaba.com\/ca\/wp-json\/wp\/v2\/pages\/187","targetHints":{"allow":["GET"]}}],"collection":[{"href":"https:\/\/abogadoslacaba.com\/ca\/wp-json\/wp\/v2\/pages"}],"about":[{"href":"https:\/\/abogadoslacaba.com\/ca\/wp-json\/wp\/v2\/types\/page"}],"author":[{"embeddable":true,"href":"https:\/\/abogadoslacaba.com\/ca\/wp-json\/wp\/v2\/users\/1"}],"replies":[{"embeddable":true,"href":"https:\/\/abogadoslacaba.com\/ca\/wp-json\/wp\/v2\/comments?post=187"}],"version-history":[{"count":8,"href":"https:\/\/abogadoslacaba.com\/ca\/wp-json\/wp\/v2\/pages\/187\/revisions"}],"predecessor-version":[{"id":1295,"href":"https:\/\/abogadoslacaba.com\/ca\/wp-json\/wp\/v2\/pages\/187\/revisions\/1295"}],"wp:attachment":[{"href":"https:\/\/abogadoslacaba.com\/ca\/wp-json\/wp\/v2\/media?parent=187"}],"curies":[{"name":"wp","href":"https:\/\/api.w.org\/{rel}","templated":true}]}}