{"id":53,"date":"2018-02-08T11:37:50","date_gmt":"2018-02-08T11:37:50","guid":{"rendered":"http:\/\/xanatis.com\/~abogadoslacaba\/gastos-hipoteca-clausula-suelo\/"},"modified":"2018-02-26T19:42:02","modified_gmt":"2018-02-26T18:42:02","slug":"despeses-hipoteca-clausula-sol","status":"publish","type":"page","link":"https:\/\/abogadoslacaba.com\/ca\/despeses-hipoteca-clausula-sol\/","title":{"rendered":"Reclamaci\u00f3 hipotec\u00e0ria"},"content":{"rendered":"","protected":false},"excerpt":{"rendered":"","protected":false},"author":1,"featured_media":123,"parent":0,"menu_order":0,"comment_status":"closed","ping_status":"closed","template":"","meta":{"footnotes":""},"class_list":["post-53","page","type-page","status-publish","has-post-thumbnail","hentry"],"yoast_head":"<!-- This site is optimized with the Yoast SEO plugin v27.4 - https:\/\/yoast.com\/product\/yoast-seo-wordpress\/ -->\n<title>Advocat reclamaci\u00f3 despeses hipoteca i cl\u00e0usules s\u00f2l a Barcelona<\/title>\n<meta name=\"robots\" content=\"index, follow, max-snippet:-1, max-image-preview:large, max-video-preview:-1\" \/>\n<link rel=\"canonical\" href=\"https:\/\/abogadoslacaba.com\/ca\/despeses-hipoteca-clausula-sol\/\" \/>\n<meta property=\"og:locale\" content=\"ca_ES\" \/>\n<meta property=\"og:type\" content=\"article\" \/>\n<meta property=\"og:title\" content=\"Advocat reclamaci\u00f3 despeses hipoteca i cl\u00e0usules s\u00f2l a Barcelona\" \/>\n<meta property=\"og:url\" content=\"https:\/\/abogadoslacaba.com\/ca\/despeses-hipoteca-clausula-sol\/\" \/>\n<meta property=\"og:site_name\" content=\"Abogados Lacaba\" \/>\n<meta property=\"article:modified_time\" content=\"2018-02-26T18:42:02+00:00\" \/>\n<meta property=\"og:image\" content=\"https:\/\/abogadoslacaba.com\/wp-content\/uploads\/2018\/02\/servicios_header_reclamacion_hipotecaria.jpg\" \/>\n\t<meta property=\"og:image:width\" content=\"1440\" \/>\n\t<meta property=\"og:image:height\" content=\"720\" \/>\n\t<meta property=\"og:image:type\" content=\"image\/jpeg\" \/>\n<meta name=\"twitter:card\" content=\"summary_large_image\" \/>\n<meta name=\"twitter:site\" content=\"@lacabaabogados\" \/>\n<script type=\"application\/ld+json\" class=\"yoast-schema-graph\">{\"@context\":\"https:\\\/\\\/schema.org\",\"@graph\":[{\"@type\":\"WebPage\",\"@id\":\"https:\\\/\\\/abogadoslacaba.com\\\/ca\\\/despeses-hipoteca-clausula-sol\\\/\",\"url\":\"https:\\\/\\\/abogadoslacaba.com\\\/ca\\\/despeses-hipoteca-clausula-sol\\\/\",\"name\":\"Advocat reclamaci\u00f3 despeses hipoteca i cl\u00e0usules s\u00f2l a Barcelona\",\"isPartOf\":{\"@id\":\"https:\\\/\\\/abogadoslacaba.com\\\/ca\\\/#website\"},\"primaryImageOfPage\":{\"@id\":\"https:\\\/\\\/abogadoslacaba.com\\\/ca\\\/despeses-hipoteca-clausula-sol\\\/#primaryimage\"},\"image\":{\"@id\":\"https:\\\/\\\/abogadoslacaba.com\\\/ca\\\/despeses-hipoteca-clausula-sol\\\/#primaryimage\"},\"thumbnailUrl\":\"https:\\\/\\\/abogadoslacaba.com\\\/wp-content\\\/uploads\\\/2018\\\/02\\\/servicios_header_reclamacion_hipotecaria.jpg\",\"datePublished\":\"2018-02-08T11:37:50+00:00\",\"dateModified\":\"2018-02-26T18:42:02+00:00\",\"breadcrumb\":{\"@id\":\"https:\\\/\\\/abogadoslacaba.com\\\/ca\\\/despeses-hipoteca-clausula-sol\\\/#breadcrumb\"},\"inLanguage\":\"ca\",\"potentialAction\":[{\"@type\":\"ReadAction\",\"target\":[\"https:\\\/\\\/abogadoslacaba.com\\\/ca\\\/despeses-hipoteca-clausula-sol\\\/\"]}]},{\"@type\":\"ImageObject\",\"inLanguage\":\"ca\",\"@id\":\"https:\\\/\\\/abogadoslacaba.com\\\/ca\\\/despeses-hipoteca-clausula-sol\\\/#primaryimage\",\"url\":\"https:\\\/\\\/abogadoslacaba.com\\\/wp-content\\\/uploads\\\/2018\\\/02\\\/servicios_header_reclamacion_hipotecaria.jpg\",\"contentUrl\":\"https:\\\/\\\/abogadoslacaba.com\\\/wp-content\\\/uploads\\\/2018\\\/02\\\/servicios_header_reclamacion_hipotecaria.jpg\",\"width\":1440,\"height\":720,\"caption\":\"reclamaci\u00f3n gastos hipoteca\"},{\"@type\":\"BreadcrumbList\",\"@id\":\"https:\\\/\\\/abogadoslacaba.com\\\/ca\\\/despeses-hipoteca-clausula-sol\\\/#breadcrumb\",\"itemListElement\":[{\"@type\":\"ListItem\",\"position\":1,\"name\":\"Portada\",\"item\":\"https:\\\/\\\/abogadoslacaba.com\\\/ca\\\/\"},{\"@type\":\"ListItem\",\"position\":2,\"name\":\"Reclamaci\u00f3 hipotec\u00e0ria\"}]},{\"@type\":\"WebSite\",\"@id\":\"https:\\\/\\\/abogadoslacaba.com\\\/ca\\\/#website\",\"url\":\"https:\\\/\\\/abogadoslacaba.com\\\/ca\\\/\",\"name\":\"Abogados Lacaba\",\"description\":\"Otro sitio realizado con WordPress\",\"publisher\":{\"@id\":\"https:\\\/\\\/abogadoslacaba.com\\\/ca\\\/#organization\"},\"potentialAction\":[{\"@type\":\"SearchAction\",\"target\":{\"@type\":\"EntryPoint\",\"urlTemplate\":\"https:\\\/\\\/abogadoslacaba.com\\\/ca\\\/?s={search_term_string}\"},\"query-input\":{\"@type\":\"PropertyValueSpecification\",\"valueRequired\":true,\"valueName\":\"search_term_string\"}}],\"inLanguage\":\"ca\"},{\"@type\":\"Organization\",\"@id\":\"https:\\\/\\\/abogadoslacaba.com\\\/ca\\\/#organization\",\"name\":\"Lacaba Abogados\",\"url\":\"https:\\\/\\\/abogadoslacaba.com\\\/ca\\\/\",\"logo\":{\"@type\":\"ImageObject\",\"inLanguage\":\"ca\",\"@id\":\"https:\\\/\\\/abogadoslacaba.com\\\/ca\\\/#\\\/schema\\\/logo\\\/image\\\/\",\"url\":\"https:\\\/\\\/abogadoslacaba.com\\\/wp-content\\\/uploads\\\/2019\\\/06\\\/iJHgrQ4q.jpg\",\"contentUrl\":\"https:\\\/\\\/abogadoslacaba.com\\\/wp-content\\\/uploads\\\/2019\\\/06\\\/iJHgrQ4q.jpg\",\"width\":512,\"height\":512,\"caption\":\"Lacaba Abogados\"},\"image\":{\"@id\":\"https:\\\/\\\/abogadoslacaba.com\\\/ca\\\/#\\\/schema\\\/logo\\\/image\\\/\"},\"sameAs\":[\"https:\\\/\\\/x.com\\\/lacabaabogados\"]}]}<\/script>\n<!-- \/ Yoast SEO plugin. -->","yoast_head_json":{"title":"Advocat reclamaci\u00f3 despeses hipoteca i cl\u00e0usules s\u00f2l a Barcelona","robots":{"index":"index","follow":"follow","max-snippet":"max-snippet:-1","max-image-preview":"max-image-preview:large","max-video-preview":"max-video-preview:-1"},"canonical":"https:\/\/abogadoslacaba.com\/ca\/despeses-hipoteca-clausula-sol\/","og_locale":"ca_ES","og_type":"article","og_title":"Advocat reclamaci\u00f3 despeses hipoteca i cl\u00e0usules s\u00f2l a Barcelona","og_url":"https:\/\/abogadoslacaba.com\/ca\/despeses-hipoteca-clausula-sol\/","og_site_name":"Abogados Lacaba","article_modified_time":"2018-02-26T18:42:02+00:00","og_image":[{"width":1440,"height":720,"url":"https:\/\/abogadoslacaba.com\/wp-content\/uploads\/2018\/02\/servicios_header_reclamacion_hipotecaria.jpg","type":"image\/jpeg"}],"twitter_card":"summary_large_image","twitter_site":"@lacabaabogados","schema":{"@context":"https:\/\/schema.org","@graph":[{"@type":"WebPage","@id":"https:\/\/abogadoslacaba.com\/ca\/despeses-hipoteca-clausula-sol\/","url":"https:\/\/abogadoslacaba.com\/ca\/despeses-hipoteca-clausula-sol\/","name":"Advocat reclamaci\u00f3 despeses hipoteca i cl\u00e0usules s\u00f2l a Barcelona","isPartOf":{"@id":"https:\/\/abogadoslacaba.com\/ca\/#website"},"primaryImageOfPage":{"@id":"https:\/\/abogadoslacaba.com\/ca\/despeses-hipoteca-clausula-sol\/#primaryimage"},"image":{"@id":"https:\/\/abogadoslacaba.com\/ca\/despeses-hipoteca-clausula-sol\/#primaryimage"},"thumbnailUrl":"https:\/\/abogadoslacaba.com\/wp-content\/uploads\/2018\/02\/servicios_header_reclamacion_hipotecaria.jpg","datePublished":"2018-02-08T11:37:50+00:00","dateModified":"2018-02-26T18:42:02+00:00","breadcrumb":{"@id":"https:\/\/abogadoslacaba.com\/ca\/despeses-hipoteca-clausula-sol\/#breadcrumb"},"inLanguage":"ca","potentialAction":[{"@type":"ReadAction","target":["https:\/\/abogadoslacaba.com\/ca\/despeses-hipoteca-clausula-sol\/"]}]},{"@type":"ImageObject","inLanguage":"ca","@id":"https:\/\/abogadoslacaba.com\/ca\/despeses-hipoteca-clausula-sol\/#primaryimage","url":"https:\/\/abogadoslacaba.com\/wp-content\/uploads\/2018\/02\/servicios_header_reclamacion_hipotecaria.jpg","contentUrl":"https:\/\/abogadoslacaba.com\/wp-content\/uploads\/2018\/02\/servicios_header_reclamacion_hipotecaria.jpg","width":1440,"height":720,"caption":"reclamaci\u00f3n gastos hipoteca"},{"@type":"BreadcrumbList","@id":"https:\/\/abogadoslacaba.com\/ca\/despeses-hipoteca-clausula-sol\/#breadcrumb","itemListElement":[{"@type":"ListItem","position":1,"name":"Portada","item":"https:\/\/abogadoslacaba.com\/ca\/"},{"@type":"ListItem","position":2,"name":"Reclamaci\u00f3 hipotec\u00e0ria"}]},{"@type":"WebSite","@id":"https:\/\/abogadoslacaba.com\/ca\/#website","url":"https:\/\/abogadoslacaba.com\/ca\/","name":"Abogados Lacaba","description":"Otro sitio realizado con WordPress","publisher":{"@id":"https:\/\/abogadoslacaba.com\/ca\/#organization"},"potentialAction":[{"@type":"SearchAction","target":{"@type":"EntryPoint","urlTemplate":"https:\/\/abogadoslacaba.com\/ca\/?s={search_term_string}"},"query-input":{"@type":"PropertyValueSpecification","valueRequired":true,"valueName":"search_term_string"}}],"inLanguage":"ca"},{"@type":"Organization","@id":"https:\/\/abogadoslacaba.com\/ca\/#organization","name":"Lacaba Abogados","url":"https:\/\/abogadoslacaba.com\/ca\/","logo":{"@type":"ImageObject","inLanguage":"ca","@id":"https:\/\/abogadoslacaba.com\/ca\/#\/schema\/logo\/image\/","url":"https:\/\/abogadoslacaba.com\/wp-content\/uploads\/2019\/06\/iJHgrQ4q.jpg","contentUrl":"https:\/\/abogadoslacaba.com\/wp-content\/uploads\/2019\/06\/iJHgrQ4q.jpg","width":512,"height":512,"caption":"Lacaba Abogados"},"image":{"@id":"https:\/\/abogadoslacaba.com\/ca\/#\/schema\/logo\/image\/"},"sameAs":["https:\/\/x.com\/lacabaabogados"]}]}},"_links":{"self":[{"href":"https:\/\/abogadoslacaba.com\/ca\/wp-json\/wp\/v2\/pages\/53","targetHints":{"allow":["GET"]}}],"collection":[{"href":"https:\/\/abogadoslacaba.com\/ca\/wp-json\/wp\/v2\/pages"}],"about":[{"href":"https:\/\/abogadoslacaba.com\/ca\/wp-json\/wp\/v2\/types\/page"}],"author":[{"embeddable":true,"href":"https:\/\/abogadoslacaba.com\/ca\/wp-json\/wp\/v2\/users\/1"}],"replies":[{"embeddable":true,"href":"https:\/\/abogadoslacaba.com\/ca\/wp-json\/wp\/v2\/comments?post=53"}],"version-history":[{"count":2,"href":"https:\/\/abogadoslacaba.com\/ca\/wp-json\/wp\/v2\/pages\/53\/revisions"}],"predecessor-version":[{"id":55,"href":"https:\/\/abogadoslacaba.com\/ca\/wp-json\/wp\/v2\/pages\/53\/revisions\/55"}],"wp:featuredmedia":[{"embeddable":true,"href":"https:\/\/abogadoslacaba.com\/ca\/wp-json\/wp\/v2\/media\/123"}],"wp:attachment":[{"href":"https:\/\/abogadoslacaba.com\/ca\/wp-json\/wp\/v2\/media?parent=53"}],"curies":[{"name":"wp","href":"https:\/\/api.w.org\/{rel}","templated":true}]}}